{"id":21,"date":"2021-04-19T16:00:41","date_gmt":"2021-04-19T14:00:41","guid":{"rendered":"https:\/\/www.antaldent.sk\/stomatologia\/?page_id=21"},"modified":"2025-08-04T06:13:58","modified_gmt":"2025-08-04T04:13:58","slug":"homepage","status":"publish","type":"page","link":"https:\/\/www.antaldent.sk\/stomatologia\/","title":{"rendered":""},"content":{"rendered":"\n<p class=\"has-text-align-center\">Na\u0161\u00edm cie\u013eom je pon\u00faknu\u0165 modern\u00fa stomatol\u00f3giu na vysokej \u00farovni<\/p>\n\n\n\n<div class=\"wp-block-group\"><div class=\"wp-block-group__inner-container is-layout-flow wp-block-group-is-layout-flow\">\n<p><\/p>\n<\/div><\/div>\n\n\n\n<h1 class=\"wp-block-heading has-text-align-center has-text-color\" style=\"color:#359999\">NA\u0160A AMBULANCIA V\u00c1M PON\u00daKA<\/h1>\n\n\n\n<h2 class=\"wp-block-heading has-text-align-center has-text-color\" style=\"color:#359999\">Individu\u00e1lny pr\u00edstup ku ka\u017ed\u00e9mu pacientovi.<\/h2>\n\n\n\n<h2 class=\"wp-block-heading has-text-align-center has-text-color\" style=\"color:#3599a1\">Modern\u00e9 pr\u00edstrojov\u00e9 vyb<strong>avenie a kvalifikovan\u00fd person\u00e1l.<\/strong><\/h2>\n\n\n\n<p><\/p>\n\n\n\n<p><\/p>\n","protected":false},"excerpt":{"rendered":"<p>Na\u0161\u00edm cie\u013eom je pon\u00faknu\u0165 modern\u00fa stomatol\u00f3giu na vysokej \u00farovni NA\u0160A AMBULANCIA V\u00c1M PON\u00daKA Individu\u00e1lny pr\u00edstup ku ka\u017ed\u00e9mu pacientovi. Modern\u00e9 pr\u00edstrojov\u00e9 vybavenie a kvalifikovan\u00fd person\u00e1l.<\/p>\n","protected":false},"author":1,"featured_media":0,"parent":0,"menu_order":0,"comment_status":"closed","ping_status":"closed","template":"","meta":{"_monsterinsights_skip_tracking":false,"_monsterinsights_sitenote_active":false,"_monsterinsights_sitenote_note":"","_monsterinsights_sitenote_category":0,"ngg_post_thumbnail":0,"footnotes":""},"class_list":["post-21","page","type-page","status-publish","hentry","no-thumb"],"yoast_head":"<!-- This site is optimized with the Yoast SEO plugin v20.8 - https:\/\/yoast.com\/wordpress\/plugins\/seo\/ -->\n<title>- Antaldent<\/title>\n<meta name=\"robots\" content=\"index, follow, max-snippet:-1, max-image-preview:large, max-video-preview:-1\" \/>\n<link rel=\"canonical\" href=\"https:\/\/www.antaldent.sk\/stomatologia\/\" \/>\n<meta property=\"og:locale\" content=\"sk_SK\" \/>\n<meta property=\"og:type\" content=\"article\" \/>\n<meta property=\"og:title\" content=\"- Antaldent\" \/>\n<meta property=\"og:description\" content=\"Na\u0161\u00edm cie\u013eom je pon\u00faknu\u0165 modern\u00fa stomatol\u00f3giu na vysokej \u00farovni NA\u0160A AMBULANCIA V\u00c1M PON\u00daKA Individu\u00e1lny pr\u00edstup ku ka\u017ed\u00e9mu pacientovi. Modern\u00e9 pr\u00edstrojov\u00e9 vybavenie a kvalifikovan\u00fd person\u00e1l.\" \/>\n<meta property=\"og:url\" content=\"https:\/\/www.antaldent.sk\/stomatologia\/\" \/>\n<meta property=\"og:site_name\" content=\"Antaldent\" \/>\n<meta property=\"article:modified_time\" content=\"2025-08-04T04:13:58+00:00\" \/>\n<meta name=\"twitter:card\" content=\"summary_large_image\" \/>\n<meta name=\"twitter:label1\" content=\"Predpokladan\u00fd \u010das \u010d\u00edtania\" \/>\n\t<meta name=\"twitter:data1\" content=\"1 min\u00fata\" \/>\n<script type=\"application\/ld+json\" class=\"yoast-schema-graph\">{\"@context\":\"https:\/\/schema.org\",\"@graph\":[{\"@type\":\"WebPage\",\"@id\":\"https:\/\/www.antaldent.sk\/stomatologia\/\",\"url\":\"https:\/\/www.antaldent.sk\/stomatologia\/\",\"name\":\"- Antaldent\",\"isPartOf\":{\"@id\":\"https:\/\/www.antaldent.sk\/stomatologia\/#website\"},\"datePublished\":\"2021-04-19T14:00:41+00:00\",\"dateModified\":\"2025-08-04T04:13:58+00:00\",\"inLanguage\":\"sk-SK\",\"potentialAction\":[{\"@type\":\"ReadAction\",\"target\":[\"https:\/\/www.antaldent.sk\/stomatologia\/\"]}]},{\"@type\":\"WebSite\",\"@id\":\"https:\/\/www.antaldent.sk\/stomatologia\/#website\",\"url\":\"https:\/\/www.antaldent.sk\/stomatologia\/\",\"name\":\"Antaldent\",\"description\":\"stomatologick\u00e1 ambulancia\",\"potentialAction\":[{\"@type\":\"SearchAction\",\"target\":{\"@type\":\"EntryPoint\",\"urlTemplate\":\"https:\/\/www.antaldent.sk\/stomatologia\/?s={search_term_string}\"},\"query-input\":\"required name=search_term_string\"}],\"inLanguage\":\"sk-SK\"}]}<\/script>\n<!-- \/ Yoast SEO plugin. -->","yoast_head_json":{"title":"- Antaldent","robots":{"index":"index","follow":"follow","max-snippet":"max-snippet:-1","max-image-preview":"max-image-preview:large","max-video-preview":"max-video-preview:-1"},"canonical":"https:\/\/www.antaldent.sk\/stomatologia\/","og_locale":"sk_SK","og_type":"article","og_title":"- Antaldent","og_description":"Na\u0161\u00edm cie\u013eom je pon\u00faknu\u0165 modern\u00fa stomatol\u00f3giu na vysokej \u00farovni NA\u0160A AMBULANCIA V\u00c1M PON\u00daKA Individu\u00e1lny pr\u00edstup ku ka\u017ed\u00e9mu pacientovi. Modern\u00e9 pr\u00edstrojov\u00e9 vybavenie a kvalifikovan\u00fd person\u00e1l.","og_url":"https:\/\/www.antaldent.sk\/stomatologia\/","og_site_name":"Antaldent","article_modified_time":"2025-08-04T04:13:58+00:00","twitter_card":"summary_large_image","twitter_misc":{"Predpokladan\u00fd \u010das \u010d\u00edtania":"1 min\u00fata"},"schema":{"@context":"https:\/\/schema.org","@graph":[{"@type":"WebPage","@id":"https:\/\/www.antaldent.sk\/stomatologia\/","url":"https:\/\/www.antaldent.sk\/stomatologia\/","name":"- Antaldent","isPartOf":{"@id":"https:\/\/www.antaldent.sk\/stomatologia\/#website"},"datePublished":"2021-04-19T14:00:41+00:00","dateModified":"2025-08-04T04:13:58+00:00","inLanguage":"sk-SK","potentialAction":[{"@type":"ReadAction","target":["https:\/\/www.antaldent.sk\/stomatologia\/"]}]},{"@type":"WebSite","@id":"https:\/\/www.antaldent.sk\/stomatologia\/#website","url":"https:\/\/www.antaldent.sk\/stomatologia\/","name":"Antaldent","description":"stomatologick\u00e1 ambulancia","potentialAction":[{"@type":"SearchAction","target":{"@type":"EntryPoint","urlTemplate":"https:\/\/www.antaldent.sk\/stomatologia\/?s={search_term_string}"},"query-input":"required name=search_term_string"}],"inLanguage":"sk-SK"}]}},"_links":{"self":[{"href":"https:\/\/www.antaldent.sk\/stomatologia\/index.php?rest_route=\/wp\/v2\/pages\/21","targetHints":{"allow":["GET"]}}],"collection":[{"href":"https:\/\/www.antaldent.sk\/stomatologia\/index.php?rest_route=\/wp\/v2\/pages"}],"about":[{"href":"https:\/\/www.antaldent.sk\/stomatologia\/index.php?rest_route=\/wp\/v2\/types\/page"}],"author":[{"embeddable":true,"href":"https:\/\/www.antaldent.sk\/stomatologia\/index.php?rest_route=\/wp\/v2\/users\/1"}],"replies":[{"embeddable":true,"href":"https:\/\/www.antaldent.sk\/stomatologia\/index.php?rest_route=%2Fwp%2Fv2%2Fcomments&post=21"}],"version-history":[{"count":6,"href":"https:\/\/www.antaldent.sk\/stomatologia\/index.php?rest_route=\/wp\/v2\/pages\/21\/revisions"}],"predecessor-version":[{"id":151,"href":"https:\/\/www.antaldent.sk\/stomatologia\/index.php?rest_route=\/wp\/v2\/pages\/21\/revisions\/151"}],"wp:attachment":[{"href":"https:\/\/www.antaldent.sk\/stomatologia\/index.php?rest_route=%2Fwp%2Fv2%2Fmedia&parent=21"}],"curies":[{"name":"wp","href":"https:\/\/api.w.org\/{rel}","templated":true}]}}